{"id":80,"date":"2025-04-25T15:00:21","date_gmt":"2025-04-25T18:00:21","guid":{"rendered":"https:\/\/projetopack.com.br\/restrito\/register\/"},"modified":"2026-04-08T17:08:31","modified_gmt":"2026-04-08T20:08:31","slug":"assinatura-da-revista","status":"publish","type":"page","link":"https:\/\/projetopack.com.br\/restrito\/assinatura-da-revista\/","title":{"rendered":"Assinatura da revista"},"content":{"rendered":"\t\t<div data-elementor-type=\"wp-page\" data-elementor-id=\"80\" class=\"elementor elementor-80\" data-elementor-post-type=\"page\">\n\t\t\t\t<div class=\"elementor-element elementor-element-4cbb569e e-flex e-con-boxed e-con e-parent\" data-id=\"4cbb569e\" data-element_type=\"container\" data-e-type=\"container\" data-settings=\"{&quot;jet_parallax_layout_list&quot;:[]}\">\n\t\t\t\t\t<div class=\"e-con-inner\">\n\t\t\t\t<div class=\"elementor-element elementor-element-a904003 elementor-widget elementor-widget-heading\" data-id=\"a904003\" data-element_type=\"widget\" data-e-type=\"widget\" data-widget_type=\"heading.default\">\n\t\t\t\t\t<h1 class=\"elementor-heading-title elementor-size-default\">Assinatura da Revista<\/h1>\t\t\t\t<\/div>\n\t\t\t\t<div class=\"elementor-element elementor-element-4f8c4ac elementor-widget elementor-widget-heading\" data-id=\"4f8c4ac\" data-element_type=\"widget\" data-e-type=\"widget\" data-widget_type=\"heading.default\">\n\t\t\t\t\t<h2 class=\"elementor-heading-title elementor-size-default\">Para criar uma conta no site e assinar a revista preencha os dados abaixo:<\/h2>\t\t\t\t<\/div>\n\t\t\t\t<div class=\"elementor-element elementor-element-20aef102 elementor-widget elementor-widget-shortcode\" data-id=\"20aef102\" data-element_type=\"widget\" data-e-type=\"widget\" data-widget_type=\"shortcode.default\">\n\t\t\t\t\t\t\t<div class=\"elementor-shortcode\">\n<form id=\"pms_register-form\" class=\"pms-form \" method=\"POST\">\n\n    \n    <input type=\"hidden\" id=\"pmstkn\" name=\"pmstkn\" value=\"d3a3fbbecf\" \/><input type=\"hidden\" name=\"_wp_http_referer\" value=\"\/restrito\/wp-json\/wp\/v2\/pages\/80\" \/>\n    <ul class=\"pms-form-fields-wrapper\">\n\n        \n        \n        <div class=\"pms-account-section-wrapper\">\n            \n                        <li class=\"pms-field pms-user-login-field \">\n                <label for=\"pms_user_login\">Usu\u00e1rio *<\/label>\n                <input id=\"pms_user_login\" name=\"user_login\" type=\"text\" value=\"\" \/>\n\n                            <\/li>\n\n                        <li class=\"pms-field pms-user-email-field \">\n                <label for=\"pms_user_email\">E-mail *<\/label>\n                <input id=\"pms_user_email\" name=\"user_email\" type=\"text\" value=\"\" \/>\n\n                            <\/li>\n\n                        <li class=\"pms-field pms-first-name-field \">\n                <label for=\"pms_first_name\">Primeiro Nome<\/label>\n                <input id=\"pms_first_name\" name=\"first_name\" type=\"text\" value=\"\" \/>\n\n                            <\/li>\n\n                        <li class=\"pms-field pms-last-name-field \">\n                <label for=\"pms_last_name\">\u00daltimo nome<\/label>\n                <input id=\"pms_last_name\" name=\"last_name\" type=\"text\" value=\"\" \/>\n\n                            <\/li>\n\n                        <li class=\"pms-field pms-pass1-field \">\n                <label for=\"pms_pass1\">Senha *<\/label>\n                <input id=\"pms_pass1\" name=\"pass1\" type=\"password\" \/>\n\n                \n                            <\/li>\n\n                        <li class=\"pms-field pms-pass2-field \">\n                <label for=\"pms_pass2\">Repetir Senha *<\/label>\n                <input id=\"pms_pass2\" name=\"pass2\" type=\"password\" \/>\n\n                            <\/li>\n\n                    <\/div>\n\n        \n        <li class=\"pms-field pms-field-subscriptions \"><div class=\"pms-subscription-plan pms-subscription-plan-85\"><label><input type=\"radio\" name=\"subscription_plans\" data-price=\"250\" data-duration=\"1\" data-fixed_membership=\"\" data-allow_renew=\"\" data-sign_up_fee=\"0\" data-trial=\"0\" data-recurring=\"0\"  value=\"85\"  checked='checked'data-default-selected=\"true\" \/><span class=\"pms-subscription-plan-name\">ProjetoPack em Revista - Acesso \u00e0s edi\u00e7\u00f5es em formato IMPRESSO e DIGITAL<\/span><span class=\"pms-subscription-plan-price\"><span class=\"pms-divider\"> - <\/span><span class=\"pms-subscription-plan-currency\">&#82;&#36;<\/span><span class=\"pms-subscription-plan-price-value\">250,00<\/span><span class=\"pms-divider pms-duration-divider\"> \/ <\/span><span class=\"pms-subscription-plan-duration\">1 Ano<\/span><\/span><span class=\"pms-subscription-plan-trial\"><\/span><span class=\"pms-subscription-plan-sign-up-fee\"><\/span><\/label><div class=\"pms-subscription-plan-description\">Voc\u00ea escolheu assinar a ProjetoPack em Revista em FORMATO IMPRESSO E DIGITAL.\r\n\r\nConclua a sua assinatura informando seus dados abaixo e efetuando o pagamento. Assim que o pagamento for confirmado via sistema, voc\u00ea poder\u00e1 acessar todo o acervo de publica\u00e7\u00f5es digitais da ProjetoPack em Revista. Voc\u00ea tamb\u00e9m receber\u00e1, no endere\u00e7o informado, a pr\u00f3xima edi\u00e7\u00e3o impressa da ProjetoPack em Revista, de periodicidade bimestral.\r\n\r\nCertifique-se de informar o endere\u00e7o completo, com o CEP.\r\n\r\nA sua assinatura vai expirar em 1 ano e voc\u00ea ser\u00e1 informado automaticamente para a sua renova\u00e7\u00e3o. Boa leitura!<\/div><\/div><div class=\"pms-subscription-plan pms-subscription-plan-84\"><label><input type=\"radio\" name=\"subscription_plans\" data-price=\"0\" data-duration=\"1\" data-fixed_membership=\"\" data-allow_renew=\"\" data-sign_up_fee=\"0\" data-trial=\"0\" data-recurring=\"0\"  value=\"84\" data-default-checked=\"false\" \/><span class=\"pms-subscription-plan-name\">ProjetoPack em Revista - Acesso \u00e0s edi\u00e7\u00f5es em formato DIGITAL<\/span><span class=\"pms-subscription-plan-price\"><span class=\"pms-divider\"> - <\/span><span class=\"pms-subscription-plan-price-value\">Gr\u00e1tis<\/span><span class=\"pms-divider pms-duration-divider\"> \/ <\/span><span class=\"pms-subscription-plan-duration\">1 Ano<\/span><\/span><span class=\"pms-subscription-plan-trial\"><\/span><span class=\"pms-subscription-plan-sign-up-fee\"><\/span><\/label><div class=\"pms-subscription-plan-description\">Voc\u00ea escolheu assinar a ProjetoPack em Revista em FORMATO DIGITAL.\u00a0\u00a0\r\n\u00a0\r\nConclua a sua assinatura informando seus dados abaixo e acesse agora mesmo todo o acervo de publica\u00e7\u00f5es digitais da ProjetoPack em Revista.\u00a0\u00a0\r\n\u00a0\r\nA sua assinatura vai expirar em 1 ano e voc\u00ea ser\u00e1 informado automaticamente para a sua renova\u00e7\u00e3o. Boa leitura!\u00a0<\/div><\/div><div class=\"pms-subscription-plan-auto-renew\"><label><input name=\"pms_recurring\" type=\"checkbox\" value=\"1\"  \/>Renovar automaticamente<\/label><\/div><input type=\"hidden\" name=\"pms_default_recurring\" value=\"1\" \/><\/li>\n    <\/ul>\n\n    <span id=\"pms-submit-button-loading-placeholder-text\" style=\"display: none;\">Processando. Por favor aguarde...<\/span><div class=\"pms-paygates-holder\"><div id=\"pms-paygates-wrapper\"><input type=\"hidden\" class=\"pms_pay_gate\" name=\"pay_gate\" value=\"stripe_connect\" data-sign_up_fee=\"1\" data-trial=\"1\" data-recurring=\"1\"  data-type=\"extra_fields\" \/><\/div><ul id=\"pms-stripe-connect\" class=\"pms-field-section pms-paygate-extra-fields pms-paygate-extra-fields-stripe_connect\"><li class=\"pms-field pms-field-type-heading \"><h3>Detalhes de pagamento<\/h3><\/li><div class=\"pms-spinner__holder\"><div class=\"pms-spinner\"><\/div><\/div><div id=\"pms-stripe-payment-elements\" style=\"display:none\"><\/div><\/ul><\/div><input type=\"hidden\" id=\"pms-process-checkout-nonce\" name=\"pms_process_checkout_nonce\" value=\"a2b57f8868\"\/><input type=\"hidden\" id=\"stripe-pk\" value=\"pk_live_51RHrYHAmyFYErd2udqmRBsjhnmrAcfNooxGCiBNFPWW39EsMrrONOXOHE8NVm5qvfwyd3lPKhoQJbKVQuZmA9XPy00GJaTvvDl\" \/><input type=\"hidden\" name=\"pms_stripe_connect_payment_intent\" value=\"\"\/><input type=\"hidden\" name=\"pms_stripe_connect_setup_intent\" value=\"\"\/><input type=\"hidden\" id=\"pms-stripe-ajax-update-payment-intent-nonce\" name=\"stripe_ajax_update_payment_intent_nonce\" value=\"cd5152a45c\"\/>\n            <input class=\"pms-form-submit\" name=\"pms_register\" type=\"submit\" value=\"Registrar\" \/>\n    \n<\/form>\n<\/div>\n\t\t\t\t\t\t<\/div>\n\t\t\t\t\t<\/div>\n\t\t\t\t<\/div>\n\t\t\t\t<\/div>\n\t\t","protected":false},"excerpt":{"rendered":"<p>Assinatura da Revista Para criar uma conta no site e assinar a revista preencha os dados abaixo:<\/p>\n","protected":false},"author":1,"featured_media":0,"parent":0,"menu_order":0,"comment_status":"closed","ping_status":"closed","template":"","meta":{"footnotes":""},"class_list":["post-80","page","type-page","status-publish","hentry"],"yoast_head":"<!-- This site is optimized with the Yoast SEO plugin v27.1.1 - https:\/\/yoast.com\/product\/yoast-seo-wordpress\/ -->\n<title>Assinatura da revista - Projeto pack<\/title>\n<meta name=\"robots\" content=\"index, follow, max-snippet:-1, max-image-preview:large, max-video-preview:-1\" \/>\n<link rel=\"canonical\" href=\"https:\/\/projetopack.com.br\/restrito\/assinatura-da-revista\/\" \/>\n<meta property=\"og:locale\" content=\"pt_BR\" \/>\n<meta property=\"og:type\" content=\"article\" \/>\n<meta property=\"og:title\" content=\"Assinatura da revista - Projeto pack\" \/>\n<meta property=\"og:description\" content=\"Assinatura da Revista Para criar uma conta no site e assinar a revista preencha os dados abaixo:\" \/>\n<meta property=\"og:url\" content=\"https:\/\/projetopack.com.br\/restrito\/assinatura-da-revista\/\" \/>\n<meta property=\"og:site_name\" content=\"Projeto pack\" \/>\n<meta property=\"article:modified_time\" content=\"2026-04-08T20:08:31+00:00\" \/>\n<meta name=\"twitter:card\" content=\"summary_large_image\" \/>\n<meta name=\"twitter:label1\" content=\"Est. tempo de leitura\" \/>\n\t<meta name=\"twitter:data1\" content=\"2 minutos\" \/>\n<script type=\"application\/ld+json\" class=\"yoast-schema-graph\">{\"@context\":\"https:\/\/schema.org\",\"@graph\":[{\"@type\":\"WebPage\",\"@id\":\"https:\/\/projetopack.com.br\/restrito\/assinatura-da-revista\/\",\"url\":\"https:\/\/projetopack.com.br\/restrito\/assinatura-da-revista\/\",\"name\":\"Assinatura da revista - Projeto pack\",\"isPartOf\":{\"@id\":\"https:\/\/projetopack.com.br\/restrito\/#website\"},\"datePublished\":\"2025-04-25T18:00:21+00:00\",\"dateModified\":\"2026-04-08T20:08:31+00:00\",\"breadcrumb\":{\"@id\":\"https:\/\/projetopack.com.br\/restrito\/assinatura-da-revista\/#breadcrumb\"},\"inLanguage\":\"pt-BR\",\"potentialAction\":[{\"@type\":\"ReadAction\",\"target\":[\"https:\/\/projetopack.com.br\/restrito\/assinatura-da-revista\/\"]}]},{\"@type\":\"BreadcrumbList\",\"@id\":\"https:\/\/projetopack.com.br\/restrito\/assinatura-da-revista\/#breadcrumb\",\"itemListElement\":[{\"@type\":\"ListItem\",\"position\":1,\"name\":\"In\u00edcio\",\"item\":\"https:\/\/projetopack.com.br\/restrito\/\"},{\"@type\":\"ListItem\",\"position\":2,\"name\":\"Assinatura da revista\"}]},{\"@type\":\"WebSite\",\"@id\":\"https:\/\/projetopack.com.br\/restrito\/#website\",\"url\":\"https:\/\/projetopack.com.br\/restrito\/\",\"name\":\"Projeto pack\",\"description\":\"\",\"publisher\":{\"@id\":\"https:\/\/projetopack.com.br\/restrito\/#organization\"},\"potentialAction\":[{\"@type\":\"SearchAction\",\"target\":{\"@type\":\"EntryPoint\",\"urlTemplate\":\"https:\/\/projetopack.com.br\/restrito\/?s={search_term_string}\"},\"query-input\":{\"@type\":\"PropertyValueSpecification\",\"valueRequired\":true,\"valueName\":\"search_term_string\"}}],\"inLanguage\":\"pt-BR\"},{\"@type\":\"Organization\",\"@id\":\"https:\/\/projetopack.com.br\/restrito\/#organization\",\"name\":\"Projeto pack\",\"url\":\"https:\/\/projetopack.com.br\/restrito\/\",\"logo\":{\"@type\":\"ImageObject\",\"inLanguage\":\"pt-BR\",\"@id\":\"https:\/\/projetopack.com.br\/restrito\/#\/schema\/logo\/image\/\",\"url\":\"https:\/\/projetopack.com.br\/restrito\/wp-content\/uploads\/2025\/04\/Logo-ProjetoPack-2016-Horizontal-BCO-250px-1.png\",\"contentUrl\":\"https:\/\/projetopack.com.br\/restrito\/wp-content\/uploads\/2025\/04\/Logo-ProjetoPack-2016-Horizontal-BCO-250px-1.png\",\"width\":363,\"height\":164,\"caption\":\"Projeto pack\"},\"image\":{\"@id\":\"https:\/\/projetopack.com.br\/restrito\/#\/schema\/logo\/image\/\"}}]}<\/script>\n<!-- \/ Yoast SEO plugin. -->","yoast_head_json":{"title":"Assinatura da revista - Projeto pack","robots":{"index":"index","follow":"follow","max-snippet":"max-snippet:-1","max-image-preview":"max-image-preview:large","max-video-preview":"max-video-preview:-1"},"canonical":"https:\/\/projetopack.com.br\/restrito\/assinatura-da-revista\/","og_locale":"pt_BR","og_type":"article","og_title":"Assinatura da revista - Projeto pack","og_description":"Assinatura da Revista Para criar uma conta no site e assinar a revista preencha os dados abaixo:","og_url":"https:\/\/projetopack.com.br\/restrito\/assinatura-da-revista\/","og_site_name":"Projeto pack","article_modified_time":"2026-04-08T20:08:31+00:00","twitter_card":"summary_large_image","twitter_misc":{"Est. tempo de leitura":"2 minutos"},"schema":{"@context":"https:\/\/schema.org","@graph":[{"@type":"WebPage","@id":"https:\/\/projetopack.com.br\/restrito\/assinatura-da-revista\/","url":"https:\/\/projetopack.com.br\/restrito\/assinatura-da-revista\/","name":"Assinatura da revista - Projeto pack","isPartOf":{"@id":"https:\/\/projetopack.com.br\/restrito\/#website"},"datePublished":"2025-04-25T18:00:21+00:00","dateModified":"2026-04-08T20:08:31+00:00","breadcrumb":{"@id":"https:\/\/projetopack.com.br\/restrito\/assinatura-da-revista\/#breadcrumb"},"inLanguage":"pt-BR","potentialAction":[{"@type":"ReadAction","target":["https:\/\/projetopack.com.br\/restrito\/assinatura-da-revista\/"]}]},{"@type":"BreadcrumbList","@id":"https:\/\/projetopack.com.br\/restrito\/assinatura-da-revista\/#breadcrumb","itemListElement":[{"@type":"ListItem","position":1,"name":"In\u00edcio","item":"https:\/\/projetopack.com.br\/restrito\/"},{"@type":"ListItem","position":2,"name":"Assinatura da revista"}]},{"@type":"WebSite","@id":"https:\/\/projetopack.com.br\/restrito\/#website","url":"https:\/\/projetopack.com.br\/restrito\/","name":"Projeto pack","description":"","publisher":{"@id":"https:\/\/projetopack.com.br\/restrito\/#organization"},"potentialAction":[{"@type":"SearchAction","target":{"@type":"EntryPoint","urlTemplate":"https:\/\/projetopack.com.br\/restrito\/?s={search_term_string}"},"query-input":{"@type":"PropertyValueSpecification","valueRequired":true,"valueName":"search_term_string"}}],"inLanguage":"pt-BR"},{"@type":"Organization","@id":"https:\/\/projetopack.com.br\/restrito\/#organization","name":"Projeto pack","url":"https:\/\/projetopack.com.br\/restrito\/","logo":{"@type":"ImageObject","inLanguage":"pt-BR","@id":"https:\/\/projetopack.com.br\/restrito\/#\/schema\/logo\/image\/","url":"https:\/\/projetopack.com.br\/restrito\/wp-content\/uploads\/2025\/04\/Logo-ProjetoPack-2016-Horizontal-BCO-250px-1.png","contentUrl":"https:\/\/projetopack.com.br\/restrito\/wp-content\/uploads\/2025\/04\/Logo-ProjetoPack-2016-Horizontal-BCO-250px-1.png","width":363,"height":164,"caption":"Projeto pack"},"image":{"@id":"https:\/\/projetopack.com.br\/restrito\/#\/schema\/logo\/image\/"}}]}},"_links":{"self":[{"href":"https:\/\/projetopack.com.br\/restrito\/wp-json\/wp\/v2\/pages\/80","targetHints":{"allow":["GET"]}}],"collection":[{"href":"https:\/\/projetopack.com.br\/restrito\/wp-json\/wp\/v2\/pages"}],"about":[{"href":"https:\/\/projetopack.com.br\/restrito\/wp-json\/wp\/v2\/types\/page"}],"author":[{"embeddable":true,"href":"https:\/\/projetopack.com.br\/restrito\/wp-json\/wp\/v2\/users\/1"}],"replies":[{"embeddable":true,"href":"https:\/\/projetopack.com.br\/restrito\/wp-json\/wp\/v2\/comments?post=80"}],"version-history":[{"count":3,"href":"https:\/\/projetopack.com.br\/restrito\/wp-json\/wp\/v2\/pages\/80\/revisions"}],"predecessor-version":[{"id":858,"href":"https:\/\/projetopack.com.br\/restrito\/wp-json\/wp\/v2\/pages\/80\/revisions\/858"}],"wp:attachment":[{"href":"https:\/\/projetopack.com.br\/restrito\/wp-json\/wp\/v2\/media?parent=80"}],"curies":[{"name":"wp","href":"https:\/\/api.w.org\/{rel}","templated":true}]}}